{"id":16293,"date":"2021-10-13T13:12:48","date_gmt":"2021-10-13T13:12:48","guid":{"rendered":"http:\/\/naturfreunde-bad-emstal.de\/?page_id=16293"},"modified":"2024-05-03T10:50:11","modified_gmt":"2024-05-03T10:50:11","slug":"mitgliederjahresbeitraege","status":"publish","type":"page","link":"https:\/\/naturfreunde-bad-emstal.de\/?page_id=16293","title":{"rendered":"Mitgliederjahresbeitr\u00e4ge"},"content":{"rendered":"\n<figure class=\"wp-block-table is-style-regular\"><table><tbody><tr><td>*<\/td><td><strong>Naturfreunde<br>NF<\/strong><\/td><td>Freie Kanu-Sportler<br>FKS<\/td><td>NF\/FKS<\/td><\/tr><tr><td>Kinder bis 14 Jahre<\/td><td><strong>26,50\u20ac<\/strong><\/td><td>32,00\u20ac<\/td><td> 32,00\u20ac <\/td><\/tr><tr><td>Jugend bis 18 Jahre<\/td><td><strong>30,50\u20ac<\/strong><\/td><td>50,00\u20ac<\/td><td> 50,00\u20ac <\/td><\/tr><tr><td>Erwachsene<\/td><td><strong>61,00\u20ac<\/strong><\/td><td>89.00\u20ac<\/td><td> 89.00\u20ac <\/td><\/tr><tr><td>Familie<\/td><td><strong>89,50\u20ac<\/strong><\/td><td>144,00\u20ac<\/td><td> 144,00\u20ac <\/td><\/tr><tr><td>Familie, alleinerziehend<\/td><td><strong>61,00\u20ac<\/strong><\/td><td>89.00\u20ac<\/td><td> 89,00\u20ac <\/td><\/tr><\/tbody><\/table><\/figure>\n\n\n\n<p><\/p>\n\n\n\n<p>*FKS\/NF &#8211; Vereinsgemeinschaft<br>*FKS &#8211; Freie Kanu-Sportler e.V.<br>*NF &#8211; NaturFreunde Bad Emstal e.V.<br>Erwerbslose Erwachsene, Sch\u00fcler und Studenten bezahlen Jugendbeitr\u00e4ge<br>Die Beitr\u00e4ge werden Anfang des Jahres per Lastschrift eingezogen.<\/p>\n","protected":false},"excerpt":{"rendered":"<p>* NaturfreundeNF Freie Kanu-SportlerFKS NF\/FKS Kinder bis 14 Jahre 26,50\u20ac 32,00\u20ac 32,00\u20ac Jugend bis 18 Jahre 30,50\u20ac 50,00\u20ac 50,00\u20ac Erwachsene 61,00\u20ac 89.00\u20ac 89.00\u20ac Familie 89,50\u20ac 144,00\u20ac 144,00\u20ac Familie, alleinerziehend 61,00\u20ac 89.00\u20ac 89,00\u20ac *FKS\/NF &#8211; Vereinsgemeinschaft*FKS &#8211; Freie Kanu-Sportler e.V.*NF &#8211; NaturFreunde Bad Emstal e.V.Erwerbslose Erwachsene, Sch\u00fcler und Studenten bezahlen Jugendbeitr\u00e4geDie Beitr\u00e4ge werden Anfang des Jahres&#8230; <\/p>\n<div class=\"clear\"><\/div>\n<p><a href=\"https:\/\/naturfreunde-bad-emstal.de\/?page_id=16293\" class=\"excerpt-read-more\">Read More<\/a><\/p>\n","protected":false},"author":4,"featured_media":6695,"parent":0,"menu_order":0,"comment_status":"closed","ping_status":"closed","template":"","meta":{"ngg_post_thumbnail":0,"footnotes":""},"class_list":["post-16293","page","type-page","status-publish","has-post-thumbnail","hentry"],"_links":{"self":[{"href":"https:\/\/naturfreunde-bad-emstal.de\/index.php?rest_route=\/wp\/v2\/pages\/16293","targetHints":{"allow":["GET"]}}],"collection":[{"href":"https:\/\/naturfreunde-bad-emstal.de\/index.php?rest_route=\/wp\/v2\/pages"}],"about":[{"href":"https:\/\/naturfreunde-bad-emstal.de\/index.php?rest_route=\/wp\/v2\/types\/page"}],"author":[{"embeddable":true,"href":"https:\/\/naturfreunde-bad-emstal.de\/index.php?rest_route=\/wp\/v2\/users\/4"}],"replies":[{"embeddable":true,"href":"https:\/\/naturfreunde-bad-emstal.de\/index.php?rest_route=%2Fwp%2Fv2%2Fcomments&post=16293"}],"version-history":[{"count":6,"href":"https:\/\/naturfreunde-bad-emstal.de\/index.php?rest_route=\/wp\/v2\/pages\/16293\/revisions"}],"predecessor-version":[{"id":17706,"href":"https:\/\/naturfreunde-bad-emstal.de\/index.php?rest_route=\/wp\/v2\/pages\/16293\/revisions\/17706"}],"wp:featuredmedia":[{"embeddable":true,"href":"https:\/\/naturfreunde-bad-emstal.de\/index.php?rest_route=\/wp\/v2\/media\/6695"}],"wp:attachment":[{"href":"https:\/\/naturfreunde-bad-emstal.de\/index.php?rest_route=%2Fwp%2Fv2%2Fmedia&parent=16293"}],"curies":[{"name":"wp","href":"https:\/\/api.w.org\/{rel}","templated":true}]}}