{"id":17988,"date":"2025-01-23T09:49:34","date_gmt":"2025-01-23T09:49:34","guid":{"rendered":"https:\/\/naturfreunde-bad-emstal.de\/?page_id=17988"},"modified":"2025-03-01T08:53:02","modified_gmt":"2025-03-01T08:53:02","slug":"aktivitaeten-in-der-umgebung","status":"publish","type":"page","link":"https:\/\/naturfreunde-bad-emstal.de\/?page_id=17988","title":{"rendered":"Aktivit\u00e4ten in der Umgebung"},"content":{"rendered":"\n<h5 class=\"wp-block-heading\">Aktivit\u00e4ten w\u00e4hrend Eures Aufenthalts<\/h5>\n\n\n\n<p>Die Naturfreunde Bad Emstal haben einen neuen Erlebnisf\u00fchrer f\u00fcr Sie erstellt. Unser Naturfreundehaus befindet sich nicht nur in der Mitte Deutschlands, sondern hat eine traumhafte Ausgangslage f\u00fcr viele Aktivit\u00e4ten, die ihres Gleichen sucht. Machen Sie Ferien bei uns und erleben Sie&nbsp; die Highlights unserer Umgebung.<\/p>\n\n\n\n<p><a href=\"https:\/\/naturfreunde-bad-emstal.de\/wp-content\/uploads\/2025\/01\/EF-Endfassung-Erlebnisfuehrer.pdf\">Erlebnisf\u00fchrer.pdf<\/a><br>Die Bilder zum Erlebnisf\u00fchrer findet ihr&nbsp;<a href=\"https:\/\/naturfreunde-bad-emstal.de\/?page_id=13352\">hier!<\/a><\/p>\n\n\n\n<p>Zu einer sch\u00f6nen Wanderung starten Sie direkt an unserem Naturfreundehaus. Einstieg ist der Fu\u00dfweg an der Laterne an unserm Parkplatz. Am Ende des Fu\u00dfweges sto\u00dfen Sie auf den Rundweg H6. Halten Sie sich rechts in Richtung Feriendorf. Der H6 f\u00fchrt \u00fcber die Altenburg&nbsp; zur\u00fcck nach Bad Emstal. Der Eco Pfad an der Altenburg mit Abstecher zum Falkenstein ist unbedingt empfehlenswert \u00dcbrigens, gutes Kartenmaterial erhalten Sie bei uns im Haus!<\/p>\n\n\n\n<p>Besonders zu empfehlen ist unser Waldmeisterweg, der am Naturfreundehaus beginnt.<\/p>\n\n\n\n<p>Ein weiterer interessanter Wanderweg ist der\u00a0<a href=\"https:\/\/eco-pfade.de\/fileadmin\/sek_eco_pfad_altenburg_falkenstein\/Flyer_Eco_Pfad_Archaeologie_Altenburg_Falkenstein_2013.pdf\">Eco Pfad Arch\u00e4ologie Altenburg und Falkenstein.<\/a><\/p>\n\n\n\n<figure class=\"wp-block-table\"><table><tbody><tr><td>Backen und R\u00e4uchern. Angrenzend an das Naturfreundehaus hat die Backhausgemeinschaft der Naturfreunde in den Jahren 1995-2001 ein Backhaus nach alten Vorlagen erbaut. Das Backhaus besteht aus einem Vorraum und einem Steinbackofen mit den Ma\u00dfen 2 m x 2,20 m, der mit Holz befeuert wird. Nach Absprache backen wir f\u00fcr\u2013oder mit unseren G\u00e4sten Sauerteigbrot (bis zu 60x1Kg) nach alter Tradition, unsere G\u00e4ste backen auch immer wieder gerne Pizza (bis zu 50 Portionen). In dem Backofen kann man gr\u00f6\u00dfere Mengen Rollbraten, Haxen, Rippchen oder ein Spanferkel (bis 40 Kg) zubereiten. Im Backhaus ist auch ein R\u00e4ucherschrank eingebaut, darin werden bis zu 80 Forellen ger\u00e4uchert. Bitte um rechtzeitige Terminabsprache, sollten Sie w\u00e4hrend Ihres Aufenthaltes bei uns Interesse am Backen oder R\u00e4uchern haben.<\/td><\/tr><\/tbody><\/table><\/figure>\n\n\n\n<p>Weitere Informationen findet Ihr auf den Websites unserer Partner:<\/p>\n\n\n\n<p><a href=\"https:\/\/www.naturpark-habichtswald.de\" target=\"_blank\" rel=\"noreferrer noopener\">Naturpark-Habichtswald<\/a><\/p>\n\n\n\n<p><a href=\"https:\/\/www.naturfreunde-hessen.de\/natura-trail-waldmeisterweg-tal-ems-hunden-falkenstein\" target=\"_blank\" rel=\"noreferrer noopener\">Waldmeisterweg<\/a><\/p>\n\n\n\n<p><a href=\"https:\/\/eco-pfade.de\/eco-pfad-friedenspaedagogik-bad-emstal\/streckenverlauf\/\" target=\"_blank\" rel=\"noreferrer noopener\">Eco Pfad Friedensp\u00e4dagogig Bad Emstal<\/a><\/p>\n\n\n\n<p><a href=\"https:\/\/www.nationalpark-kellerwald-edersee.de\" target=\"_blank\" rel=\"noreferrer noopener\">Nationalpark-Kellerwald-Edersee<\/a><\/p>\n\n\n\n<p><a href=\"https:\/\/naturfreunde-bad-emstal.de\/?page_id=17368\">Wandern mit GPS<\/a><\/p>\n","protected":false},"excerpt":{"rendered":"<p>Aktivit\u00e4ten w\u00e4hrend Eures Aufenthalts Die Naturfreunde Bad Emstal haben einen neuen Erlebnisf\u00fchrer f\u00fcr Sie erstellt. Unser Naturfreundehaus befindet sich nicht nur in der Mitte Deutschlands, sondern hat eine traumhafte Ausgangslage f\u00fcr viele Aktivit\u00e4ten, die ihres Gleichen sucht. Machen Sie Ferien bei uns und erleben Sie&nbsp; die Highlights unserer Umgebung. Erlebnisf\u00fchrer.pdfDie Bilder zum Erlebnisf\u00fchrer findet ihr&nbsp;hier!&#8230; <\/p>\n<div class=\"clear\"><\/div>\n<p><a href=\"https:\/\/naturfreunde-bad-emstal.de\/?page_id=17988\" class=\"excerpt-read-more\">Read More<\/a><\/p>\n","protected":false},"author":4,"featured_media":6695,"parent":0,"menu_order":0,"comment_status":"closed","ping_status":"closed","template":"","meta":{"ngg_post_thumbnail":0,"footnotes":""},"class_list":["post-17988","page","type-page","status-publish","has-post-thumbnail","hentry"],"_links":{"self":[{"href":"https:\/\/naturfreunde-bad-emstal.de\/index.php?rest_route=\/wp\/v2\/pages\/17988","targetHints":{"allow":["GET"]}}],"collection":[{"href":"https:\/\/naturfreunde-bad-emstal.de\/index.php?rest_route=\/wp\/v2\/pages"}],"about":[{"href":"https:\/\/naturfreunde-bad-emstal.de\/index.php?rest_route=\/wp\/v2\/types\/page"}],"author":[{"embeddable":true,"href":"https:\/\/naturfreunde-bad-emstal.de\/index.php?rest_route=\/wp\/v2\/users\/4"}],"replies":[{"embeddable":true,"href":"https:\/\/naturfreunde-bad-emstal.de\/index.php?rest_route=%2Fwp%2Fv2%2Fcomments&post=17988"}],"version-history":[{"count":4,"href":"https:\/\/naturfreunde-bad-emstal.de\/index.php?rest_route=\/wp\/v2\/pages\/17988\/revisions"}],"predecessor-version":[{"id":18093,"href":"https:\/\/naturfreunde-bad-emstal.de\/index.php?rest_route=\/wp\/v2\/pages\/17988\/revisions\/18093"}],"wp:featuredmedia":[{"embeddable":true,"href":"https:\/\/naturfreunde-bad-emstal.de\/index.php?rest_route=\/wp\/v2\/media\/6695"}],"wp:attachment":[{"href":"https:\/\/naturfreunde-bad-emstal.de\/index.php?rest_route=%2Fwp%2Fv2%2Fmedia&parent=17988"}],"curies":[{"name":"wp","href":"https:\/\/api.w.org\/{rel}","templated":true}]}}