{"id":6202,"date":"2019-12-26T08:30:36","date_gmt":"2019-12-26T08:30:36","guid":{"rendered":"http:\/\/entwicklung.nf.diwete.de\/?page_id=6202"},"modified":"2022-04-20T05:20:49","modified_gmt":"2022-04-20T05:20:49","slug":"lese-gruppe","status":"publish","type":"page","link":"https:\/\/naturfreunde-bad-emstal.de\/?page_id=6202","title":{"rendered":"Literatur\/Kultur"},"content":{"rendered":"\n<p>Unser Lesekreis wurde als Lese- und Diskutierkreis zu sozial- politischen Themen gegr\u00fcndet und hat acht feste Mitglieder. Anf\u00e4nglich besch\u00e4ftigten wir uns ausf\u00fchrlich- der damaligen Lage geschuldet- mit Gefl\u00fcchteten, ihrer Kultur und ihrer Religion. Dazu lasen wir verschiedenste Literatur, die wir dann diskutierten.<\/p>\n\n\n\n<p>Heute suchen wir uns gemeinsame Themen, entsprechende Literatur dazu und tragen nach dem Lesen unsere Gedanken zusammen.<\/p>\n","protected":false},"excerpt":{"rendered":"<p>Unser Lesekreis wurde als Lese- und Diskutierkreis zu sozial- politischen Themen gegr\u00fcndet und hat acht feste Mitglieder. Anf\u00e4nglich besch\u00e4ftigten wir uns ausf\u00fchrlich- der damaligen Lage geschuldet- mit Gefl\u00fcchteten, ihrer Kultur und ihrer Religion. Dazu lasen wir verschiedenste Literatur, die wir dann diskutierten. Heute suchen wir uns gemeinsame Themen, entsprechende Literatur dazu und tragen nach dem&#8230; <\/p>\n<div class=\"clear\"><\/div>\n<p><a href=\"https:\/\/naturfreunde-bad-emstal.de\/?page_id=6202\" class=\"excerpt-read-more\">Read More<\/a><\/p>\n","protected":false},"author":4,"featured_media":6695,"parent":0,"menu_order":0,"comment_status":"closed","ping_status":"closed","template":"","meta":{"ngg_post_thumbnail":0,"footnotes":""},"class_list":["post-6202","page","type-page","status-publish","has-post-thumbnail","hentry"],"_links":{"self":[{"href":"https:\/\/naturfreunde-bad-emstal.de\/index.php?rest_route=\/wp\/v2\/pages\/6202","targetHints":{"allow":["GET"]}}],"collection":[{"href":"https:\/\/naturfreunde-bad-emstal.de\/index.php?rest_route=\/wp\/v2\/pages"}],"about":[{"href":"https:\/\/naturfreunde-bad-emstal.de\/index.php?rest_route=\/wp\/v2\/types\/page"}],"author":[{"embeddable":true,"href":"https:\/\/naturfreunde-bad-emstal.de\/index.php?rest_route=\/wp\/v2\/users\/4"}],"replies":[{"embeddable":true,"href":"https:\/\/naturfreunde-bad-emstal.de\/index.php?rest_route=%2Fwp%2Fv2%2Fcomments&post=6202"}],"version-history":[{"count":5,"href":"https:\/\/naturfreunde-bad-emstal.de\/index.php?rest_route=\/wp\/v2\/pages\/6202\/revisions"}],"predecessor-version":[{"id":16733,"href":"https:\/\/naturfreunde-bad-emstal.de\/index.php?rest_route=\/wp\/v2\/pages\/6202\/revisions\/16733"}],"wp:featuredmedia":[{"embeddable":true,"href":"https:\/\/naturfreunde-bad-emstal.de\/index.php?rest_route=\/wp\/v2\/media\/6695"}],"wp:attachment":[{"href":"https:\/\/naturfreunde-bad-emstal.de\/index.php?rest_route=%2Fwp%2Fv2%2Fmedia&parent=6202"}],"curies":[{"name":"wp","href":"https:\/\/api.w.org\/{rel}","templated":true}]}}