{"id":6208,"date":"2019-12-26T08:31:00","date_gmt":"2019-12-26T08:31:00","guid":{"rendered":"http:\/\/entwicklung.nf.diwete.de\/?page_id=6208"},"modified":"2020-04-05T15:00:38","modified_gmt":"2020-04-05T15:00:38","slug":"senioren-gruppe","status":"publish","type":"page","link":"https:\/\/naturfreunde-bad-emstal.de\/?page_id=6208","title":{"rendered":"Senioren Gruppe"},"content":{"rendered":"<ul class=\"wp-block-latest-posts__list has-dates wp-block-latest-posts\"><li><a class=\"wp-block-latest-posts__post-title\" href=\"https:\/\/naturfreunde-bad-emstal.de\/?p=18282\">20 Jahre Seniorentreffen<\/a><time datetime=\"2026-01-10T09:37:45+00:00\" class=\"wp-block-latest-posts__post-date\">Januar 10, 2026<\/time><div class=\"wp-block-latest-posts__post-excerpt\">Im Dezember 2005 trafen sich zum ersten Mal Senioren der NaturFreunde\u00a0 zum gemeinsamen Kaffeetrinken und Kennenlernen unter der Leitung von Ursula Engel im NaturFreundehaus. Diese Treffen finden seitdem in der Regel am 1. Mittwoch des Monats nachmittags im Vereinsraum statt. Im Laufe der Zeit wuchs die Gruppe und ist inzwischen eine der \u00e4ltesten Fachgruppen. Von&#8230; <div class=\"clear\"><\/div><a href=\"https:\/\/naturfreunde-bad-emstal.de\/?p=18282\" class=\"excerpt-read-more\">Read More<\/a><\/div><\/li>\n<li><a class=\"wp-block-latest-posts__post-title\" href=\"https:\/\/naturfreunde-bad-emstal.de\/?p=18244\">Oktoberfest\u00a0 2025 bei den Senioren<\/a><time datetime=\"2025-10-03T10:58:27+00:00\" class=\"wp-block-latest-posts__post-date\">Oktober 3, 2025<\/time><div class=\"wp-block-latest-posts__post-excerpt\">Es war wieder soweit: das traditionelle Oktoberfest bei den Senioren. Im liebevoll geschm\u00fcckten Ambiente empfingen die beiden Organisatoren Ursel Engel und Petra Gerlach die Senioren der Naturfreunde und G\u00e4ste des ASB Hauses sowie aus Balhorn. Geladene&nbsp; G\u00e4ste waren B\u00fcrgermeister Daniel Rudenko und Pfarrerin Tabea Schmitt, sowie die 2. Vorsitzende Barbara Huske- B\u00f6ttchers. Zum Auftakt und&#8230; <div class=\"clear\"><\/div><a href=\"https:\/\/naturfreunde-bad-emstal.de\/?p=18244\" class=\"excerpt-read-more\">Read More<\/a><\/div><\/li>\n<li><a class=\"wp-block-latest-posts__post-title\" href=\"https:\/\/naturfreunde-bad-emstal.de\/?p=18112\">Unser Bericht zur Mitgliederversammlung am 9. M\u00e4rz 2025<\/a><time datetime=\"2025-03-12T09:01:53+00:00\" class=\"wp-block-latest-posts__post-date\">M\u00e4rz 12, 2025<\/time><div class=\"wp-block-latest-posts__post-excerpt\">Zahlreiche Mitglieder kamen zur Mitgliederversammlung ins Naturfreundehaus, der Platz im gro\u00dfen Saal reichte kaum aus. Nach den \u00fcblichen Formalit\u00e4ten, Gedenken der Toten in Kriegen und Konflikten und Begr\u00fc\u00dfung neuer Mitglieder wurden langj\u00e4hrige Mitglieder geehrt, die Mitgliedschaften reichten von 20 bis 74 Jahre. Leif Keilmann, Emanuel Silva-Machado und Tom Gurtmann \u00fcberreichten Urkunden, Gold-, Silber- und Bronzekr\u00e4nze,&#8230; <div class=\"clear\"><\/div><a href=\"https:\/\/naturfreunde-bad-emstal.de\/?p=18112\" class=\"excerpt-read-more\">Read More<\/a><\/div><\/li>\n<li><a class=\"wp-block-latest-posts__post-title\" href=\"https:\/\/naturfreunde-bad-emstal.de\/?p=18008\">Neujahrsempfang der Senioren am 08.01.2025<\/a><time datetime=\"2025-02-05T17:00:52+00:00\" class=\"wp-block-latest-posts__post-date\">Februar 5, 2025<\/time><div class=\"wp-block-latest-posts__post-excerpt\">Die Senior*innengruppe hatte zum Neujahrsempfang eingeladen. Barbara Huske-B\u00f6ttchers (2. Vorsitzende) begr\u00fc\u00dfte die anwesenden G\u00e4ste. Bei H\u00e4ppchen (zubereitet mit Unterst\u00fctzung von Andre Engel \u2013 vielen Dank daf\u00fcr!) und Sekt wurde sich zun\u00e4chst ausgetauscht. Erika Ochse und Erika Auler lasen uns Geschichten zum neuen Jahr. Ein Leseexemplar unseres Erz\u00e4hlcaf\u00e9s \u201ePlauderei\u201c wurde vorgestellt und einige Korrekturen vorgenommen. Zum&#8230; <div class=\"clear\"><\/div><a href=\"https:\/\/naturfreunde-bad-emstal.de\/?p=18008\" class=\"excerpt-read-more\">Read More<\/a><\/div><\/li>\n<li><a class=\"wp-block-latest-posts__post-title\" href=\"https:\/\/naturfreunde-bad-emstal.de\/?p=17909\"><strong>Oktoberfest<\/strong>\u00a0<strong>der Seniorinnen und Senioren am 9. Oktober 2024<\/strong><\/a><time datetime=\"2024-10-20T16:37:01+00:00\" class=\"wp-block-latest-posts__post-date\">Oktober 20, 2024<\/time><div class=\"wp-block-latest-posts__post-excerpt\">Zum traditionellen Oktoberfest der Senior*innengruppe der Naturfreunde Bad Emstal waren 45 Besucherinnen und Besucher anwesend und wurden von einem lustigen K\u00fcrbiskopf am Naturfreundehaus empfangen. Die G\u00e4ste vom ASB Wohnen und die Senior*innengruppe Balhorn feierten mit uns gemeinsam. Wie immer wurden viele Frauen und M\u00e4nner durch Rudi mit dem B\u00fcrgerbus gefahren. Ursel Engel hatte Brezeln besorgt&#8230; <div class=\"clear\"><\/div><a href=\"https:\/\/naturfreunde-bad-emstal.de\/?p=17909\" class=\"excerpt-read-more\">Read More<\/a><\/div><\/li>\n<li><a class=\"wp-block-latest-posts__post-title\" href=\"https:\/\/naturfreunde-bad-emstal.de\/?p=17809\"><strong>Wenn Engel feiern, lacht der Himmel<\/strong><\/a><time datetime=\"2024-08-14T14:33:45+00:00\" class=\"wp-block-latest-posts__post-date\">August 14, 2024<\/time><div class=\"wp-block-latest-posts__post-excerpt\">Unter diesem Motto sollte das Sommerfest 2024 der Seniorinnen und Senioren der NF Bad Emstal stehen. Laut f\u00fcnf verschiedener Wetter-App\u2019s sollte es regnen, sogar gewittern. Unsere Gruppenleitung Ursel Engel sagte voraus: \u201eHeute regnet es nicht\u201c. So war\u2019s dann auch und wir hatten ein wunderbares Fest unter unseren roten Sonnenschirmen. Wir konnten ca. 35 Freundinnen und&#8230; <div class=\"clear\"><\/div><a href=\"https:\/\/naturfreunde-bad-emstal.de\/?p=17809\" class=\"excerpt-read-more\">Read More<\/a><\/div><\/li>\n<li><a class=\"wp-block-latest-posts__post-title\" href=\"https:\/\/naturfreunde-bad-emstal.de\/?p=17453\">Oktoberfest der Senioren<\/a><time datetime=\"2023-10-06T10:36:25+00:00\" class=\"wp-block-latest-posts__post-date\">Oktober 6, 2023<\/time><div class=\"wp-block-latest-posts__post-excerpt\">Auch die Naturfreunde feiern Oktoberfest: Nach vier Jahren Pause hat dazu der Seniorentreff der Naturfreunde Bad Emstal am 4. Oktober auch Bewohner des ASB Altenzentrums ins Naturfreundehaus eingeladen. Bei einer z\u00fcnftigen bayerischen Vesper wurden anregende Gespr\u00e4che gef\u00fchrt und anschlie\u00dfend wieder reichlich Liedgut gepflegt.<\/div><\/li>\n<li><a class=\"wp-block-latest-posts__post-title\" href=\"https:\/\/naturfreunde-bad-emstal.de\/?p=16974\">Gesundheitswandern<\/a><time datetime=\"2022-09-20T16:17:30+00:00\" class=\"wp-block-latest-posts__post-date\">September 20, 2022<\/time><div class=\"wp-block-latest-posts__post-excerpt\">Seit Mitte Juli biete ich Gesundheitswanderungen f\u00fcr unsere Mitglieder an. Viermal waren wir inzwischen mit ca 10 SeniorInnen im Kurpark unterwegs. Die Runde besteht aus einer Wanderung durch den Kurpark mit verschiedenen Stationen, an denen wir uns mit gymnastischen \u00dcbungen von Kopf bis F\u00fc\u00dfe durchbewegen. Naturerfahrungen und ein lustiges Bewegungsspiel runden das Programm ab. &nbsp;Zum&#8230; <div class=\"clear\"><\/div><a href=\"https:\/\/naturfreunde-bad-emstal.de\/?p=16974\" class=\"excerpt-read-more\">Read More<\/a><\/div><\/li>\n<\/ul>","protected":false},"excerpt":{"rendered":"","protected":false},"author":4,"featured_media":6695,"parent":0,"menu_order":0,"comment_status":"closed","ping_status":"closed","template":"","meta":{"ngg_post_thumbnail":0,"footnotes":""},"class_list":["post-6208","page","type-page","status-publish","has-post-thumbnail","hentry"],"_links":{"self":[{"href":"https:\/\/naturfreunde-bad-emstal.de\/index.php?rest_route=\/wp\/v2\/pages\/6208","targetHints":{"allow":["GET"]}}],"collection":[{"href":"https:\/\/naturfreunde-bad-emstal.de\/index.php?rest_route=\/wp\/v2\/pages"}],"about":[{"href":"https:\/\/naturfreunde-bad-emstal.de\/index.php?rest_route=\/wp\/v2\/types\/page"}],"author":[{"embeddable":true,"href":"https:\/\/naturfreunde-bad-emstal.de\/index.php?rest_route=\/wp\/v2\/users\/4"}],"replies":[{"embeddable":true,"href":"https:\/\/naturfreunde-bad-emstal.de\/index.php?rest_route=%2Fwp%2Fv2%2Fcomments&post=6208"}],"version-history":[{"count":10,"href":"https:\/\/naturfreunde-bad-emstal.de\/index.php?rest_route=\/wp\/v2\/pages\/6208\/revisions"}],"predecessor-version":[{"id":14863,"href":"https:\/\/naturfreunde-bad-emstal.de\/index.php?rest_route=\/wp\/v2\/pages\/6208\/revisions\/14863"}],"wp:featuredmedia":[{"embeddable":true,"href":"https:\/\/naturfreunde-bad-emstal.de\/index.php?rest_route=\/wp\/v2\/media\/6695"}],"wp:attachment":[{"href":"https:\/\/naturfreunde-bad-emstal.de\/index.php?rest_route=%2Fwp%2Fv2%2Fmedia&parent=6208"}],"curies":[{"name":"wp","href":"https:\/\/api.w.org\/{rel}","templated":true}]}}